{"id":30,"date":"2018-11-18T16:03:46","date_gmt":"2018-11-18T16:03:46","guid":{"rendered":"http:\/\/thilowellmann.de\/?page_id=30"},"modified":"2021-02-12T10:08:43","modified_gmt":"2021-02-12T10:08:43","slug":"impressum","status":"publish","type":"page","link":"https:\/\/thilowellmann.de\/index.php\/impressum\/","title":{"rendered":"Impressum"},"content":{"rendered":"<p>Inhaltlich Verantwortlich\/Angaben gem\u00e4\u00df \u00a75 Telemediengesetz:<\/p>\n<p>Thilo Wellmann<br \/>\nUnter den Linden 6<br \/>\n10099 Berlin<\/p>\n<p>Ich widerspreche ausdr\u00fccklich der Nutzung und\/oder \u00dcbermittlung meiner hier genannten Kontaktdaten f\u00fcr kommerzielle Zwecke oder f\u00fcr die Markt- bzw. Meinungsforschung (\u00a728 Abs.4 BDSG).<\/p>\n<p><em>Copyright 2018 \u2013 Alle Inhalte, insbesondere Texte, Fotografien und Grafiken sind urheberrechtlich gesch\u00fctzt (Wenn nicht ausdr\u00fccklich anders angegeben). Alle Rechte,\u00a0<i>einschlie\u00dflich der Vervielf\u00e4ltigung, Ver\u00f6ffentlichung, Bearbeitung und \u00dcbersetzung,<\/i>\u00a0bleiben vorbehalten.<\/em><\/p>\n<p>Kontakt:<\/p>\n<p>mail {at} thilowellmann.de<\/p>\n","protected":false},"excerpt":{"rendered":"<p>Inhaltlich Verantwortlich\/Angaben gem\u00e4\u00df \u00a75 Telemediengesetz: Thilo Wellmann Unter den Linden 6 10099 Berlin Ich widerspreche ausdr\u00fccklich der Nutzung und\/oder \u00dcbermittlung&hellip;<\/p>\n","protected":false},"author":1,"featured_media":0,"parent":0,"menu_order":3,"comment_status":"closed","ping_status":"closed","template":"","meta":{"footnotes":""},"class_list":["post-30","page","type-page","status-publish","hentry"],"_links":{"self":[{"href":"https:\/\/thilowellmann.de\/index.php\/wp-json\/wp\/v2\/pages\/30","targetHints":{"allow":["GET"]}}],"collection":[{"href":"https:\/\/thilowellmann.de\/index.php\/wp-json\/wp\/v2\/pages"}],"about":[{"href":"https:\/\/thilowellmann.de\/index.php\/wp-json\/wp\/v2\/types\/page"}],"author":[{"embeddable":true,"href":"https:\/\/thilowellmann.de\/index.php\/wp-json\/wp\/v2\/users\/1"}],"replies":[{"embeddable":true,"href":"https:\/\/thilowellmann.de\/index.php\/wp-json\/wp\/v2\/comments?post=30"}],"version-history":[{"count":12,"href":"https:\/\/thilowellmann.de\/index.php\/wp-json\/wp\/v2\/pages\/30\/revisions"}],"predecessor-version":[{"id":480,"href":"https:\/\/thilowellmann.de\/index.php\/wp-json\/wp\/v2\/pages\/30\/revisions\/480"}],"wp:attachment":[{"href":"https:\/\/thilowellmann.de\/index.php\/wp-json\/wp\/v2\/media?parent=30"}],"curies":[{"name":"wp","href":"https:\/\/api.w.org\/{rel}","templated":true}]}}